{"id":25,"date":"2015-01-11T17:32:53","date_gmt":"2015-01-11T17:32:53","guid":{"rendered":"http:\/\/tagesmutter-kunterbunt.de\/wp\/wp\/?page_id=25"},"modified":"2020-01-29T19:21:17","modified_gmt":"2020-01-29T19:21:17","slug":"erziehung","status":"publish","type":"page","link":"https:\/\/tagesmutter-kunterbunt.de\/wp\/?page_id=25","title":{"rendered":"Erziehung"},"content":{"rendered":"<div class=\"content\">\n<div class=\"field field-name-body field-type-text-with-summary field-label-hidden\">\n<div class=\"field-items\">\n<div class=\"field-item even\">\n<p>P\u00e4dagogische Orientierung in der Betreuung der Tagespflege ist mir wichtig.<\/p>\n<p>Die Schwerpunkte meiner Arbeit sind:<\/p>\n<ul>\n<li>F\u00f6rderung der Sinneswahrnehmung<\/li>\n<li>Lernen des selbst\u00e4ndigen Handelns<\/li>\n<li>Sauberkeitstraining<\/li>\n<li>Werte vermitteln<\/li>\n<li>Spielen in der Gruppe<\/li>\n<li>Vorbereitung auf die Kindergartenzeit<\/li>\n<\/ul>\n<\/div>\n<\/div>\n<\/div>\n<\/div>\n","protected":false},"excerpt":{"rendered":"<p>P\u00e4dagogische Orientierung in der Betreuung der Tagespflege ist mir wichtig. Die Schwerpunkte meiner Arbeit sind: F\u00f6rderung der Sinneswahrnehmung Lernen des selbst\u00e4ndigen Handelns Sauberkeitstraining Werte vermitteln Spielen in der Gruppe Vorbereitung auf die Kindergartenzeit<\/p>\n","protected":false},"author":3,"featured_media":0,"parent":0,"menu_order":4,"comment_status":"closed","ping_status":"closed","template":"","meta":{"footnotes":""},"class_list":["post-25","page","type-page","status-publish","hentry"],"_links":{"self":[{"href":"https:\/\/tagesmutter-kunterbunt.de\/wp\/index.php?rest_route=\/wp\/v2\/pages\/25","targetHints":{"allow":["GET"]}}],"collection":[{"href":"https:\/\/tagesmutter-kunterbunt.de\/wp\/index.php?rest_route=\/wp\/v2\/pages"}],"about":[{"href":"https:\/\/tagesmutter-kunterbunt.de\/wp\/index.php?rest_route=\/wp\/v2\/types\/page"}],"author":[{"embeddable":true,"href":"https:\/\/tagesmutter-kunterbunt.de\/wp\/index.php?rest_route=\/wp\/v2\/users\/3"}],"replies":[{"embeddable":true,"href":"https:\/\/tagesmutter-kunterbunt.de\/wp\/index.php?rest_route=%2Fwp%2Fv2%2Fcomments&post=25"}],"version-history":[{"count":2,"href":"https:\/\/tagesmutter-kunterbunt.de\/wp\/index.php?rest_route=\/wp\/v2\/pages\/25\/revisions"}],"predecessor-version":[{"id":191,"href":"https:\/\/tagesmutter-kunterbunt.de\/wp\/index.php?rest_route=\/wp\/v2\/pages\/25\/revisions\/191"}],"wp:attachment":[{"href":"https:\/\/tagesmutter-kunterbunt.de\/wp\/index.php?rest_route=%2Fwp%2Fv2%2Fmedia&parent=25"}],"curies":[{"name":"wp","href":"https:\/\/api.w.org\/{rel}","templated":true}]}}