{"id":27,"date":"2015-01-11T18:56:23","date_gmt":"2015-01-11T18:56:23","guid":{"rendered":"http:\/\/tagesmutter-kunterbunt.de\/wp\/wp\/?page_id=27"},"modified":"2024-03-01T15:25:54","modified_gmt":"2024-03-01T13:25:54","slug":"raeumlichkeiten","status":"publish","type":"page","link":"https:\/\/tagesmutter-kunterbunt.de\/wp\/?page_id=27","title":{"rendered":"R\u00e4umlichkeiten"},"content":{"rendered":"<div class=\"content\">\n<div class=\"field field-name-body field-type-text-with-summary field-label-hidden\">\n<div class=\"field-items\">\n<div class=\"field-item even\">\n<p>F\u00fcr die Tageskinder sind die neuen R\u00e4ume jetzt eingerichtet und dazu sind auch viele neue Spielm\u00f6glichkeiten bereit gestellt.<\/p>\n<div id='gallery-1' class='gallery galleryid-27 gallery-columns-6 gallery-size-thumbnail'><figure class='gallery-item'>\n\t\t\t<div class='gallery-icon landscape'>\n\t\t\t\t<a href='https:\/\/tagesmutter-kunterbunt.de\/wp\/?attachment_id=233'><img loading=\"lazy\" decoding=\"async\" width=\"150\" height=\"150\" src=\"https:\/\/tagesmutter-kunterbunt.de\/wp\/wp-content\/uploads\/2024\/03\/5ddbd295-e1d1-4f33-8f58-f1525917226c-150x150.jpg\" class=\"attachment-thumbnail size-thumbnail\" alt=\"\" \/><\/a>\n\t\t\t<\/div><\/figure><figure class='gallery-item'>\n\t\t\t<div class='gallery-icon portrait'>\n\t\t\t\t<a href='https:\/\/tagesmutter-kunterbunt.de\/wp\/?attachment_id=56'><img loading=\"lazy\" decoding=\"async\" width=\"150\" height=\"150\" src=\"https:\/\/tagesmutter-kunterbunt.de\/wp\/wp-content\/uploads\/2015\/01\/IMG_2625-e1421004488826-150x150.jpg\" class=\"attachment-thumbnail size-thumbnail\" alt=\"\" \/><\/a>\n\t\t\t<\/div><\/figure><figure class='gallery-item'>\n\t\t\t<div class='gallery-icon landscape'>\n\t\t\t\t<a href='https:\/\/tagesmutter-kunterbunt.de\/wp\/?attachment_id=234'><img loading=\"lazy\" decoding=\"async\" width=\"150\" height=\"150\" src=\"https:\/\/tagesmutter-kunterbunt.de\/wp\/wp-content\/uploads\/2024\/03\/7d6489fa-7d3f-454a-89ff-a5c9a6f45f55-150x150.jpg\" class=\"attachment-thumbnail size-thumbnail\" alt=\"\" \/><\/a>\n\t\t\t<\/div><\/figure><figure class='gallery-item'>\n\t\t\t<div class='gallery-icon portrait'>\n\t\t\t\t<a href='https:\/\/tagesmutter-kunterbunt.de\/wp\/?attachment_id=53'><img loading=\"lazy\" decoding=\"async\" width=\"150\" height=\"150\" src=\"https:\/\/tagesmutter-kunterbunt.de\/wp\/wp-content\/uploads\/2015\/01\/1-IMG_2628-150x150.jpg\" class=\"attachment-thumbnail size-thumbnail\" alt=\"\" \/><\/a>\n\t\t\t<\/div><\/figure><figure class='gallery-item'>\n\t\t\t<div class='gallery-icon landscape'>\n\t\t\t\t<a href='https:\/\/tagesmutter-kunterbunt.de\/wp\/?attachment_id=237'><img loading=\"lazy\" decoding=\"async\" width=\"150\" height=\"150\" src=\"https:\/\/tagesmutter-kunterbunt.de\/wp\/wp-content\/uploads\/2024\/03\/580a9115-78d4-4b09-9114-545c4fbab471-150x150.jpg\" class=\"attachment-thumbnail size-thumbnail\" alt=\"\" \/><\/a>\n\t\t\t<\/div><\/figure><figure class='gallery-item'>\n\t\t\t<div class='gallery-icon portrait'>\n\t\t\t\t<a href='https:\/\/tagesmutter-kunterbunt.de\/wp\/?attachment_id=125'><img loading=\"lazy\" decoding=\"async\" width=\"150\" height=\"150\" src=\"https:\/\/tagesmutter-kunterbunt.de\/wp\/wp-content\/uploads\/2018\/05\/IMG_6072-150x150.jpg\" class=\"attachment-thumbnail size-thumbnail\" alt=\"\" \/><\/a>\n\t\t\t<\/div><\/figure><figure class='gallery-item'>\n\t\t\t<div class='gallery-icon landscape'>\n\t\t\t\t<a href='https:\/\/tagesmutter-kunterbunt.de\/wp\/?attachment_id=239'><img loading=\"lazy\" decoding=\"async\" width=\"150\" height=\"150\" src=\"https:\/\/tagesmutter-kunterbunt.de\/wp\/wp-content\/uploads\/2024\/03\/f46b9b1b-bf73-46f0-9bd5-79bbab88528f-150x150.jpg\" class=\"attachment-thumbnail size-thumbnail\" alt=\"\" \/><\/a>\n\t\t\t<\/div><\/figure><figure class='gallery-item'>\n\t\t\t<div class='gallery-icon portrait'>\n\t\t\t\t<a href='https:\/\/tagesmutter-kunterbunt.de\/wp\/?attachment_id=124'><img loading=\"lazy\" decoding=\"async\" width=\"150\" height=\"150\" src=\"https:\/\/tagesmutter-kunterbunt.de\/wp\/wp-content\/uploads\/2018\/05\/IMG_6069-150x150.jpg\" class=\"attachment-thumbnail size-thumbnail\" alt=\"\" \/><\/a>\n\t\t\t<\/div><\/figure><figure class='gallery-item'>\n\t\t\t<div class='gallery-icon landscape'>\n\t\t\t\t<a href='https:\/\/tagesmutter-kunterbunt.de\/wp\/?attachment_id=236'><img loading=\"lazy\" decoding=\"async\" width=\"150\" height=\"150\" src=\"https:\/\/tagesmutter-kunterbunt.de\/wp\/wp-content\/uploads\/2024\/03\/263d0427-10f4-4236-99f8-8eeb6319eb81-150x150.jpg\" class=\"attachment-thumbnail size-thumbnail\" alt=\"\" \/><\/a>\n\t\t\t<\/div><\/figure><figure class='gallery-item'>\n\t\t\t<div class='gallery-icon landscape'>\n\t\t\t\t<a href='https:\/\/tagesmutter-kunterbunt.de\/wp\/?attachment_id=235'><img loading=\"lazy\" decoding=\"async\" width=\"150\" height=\"150\" src=\"https:\/\/tagesmutter-kunterbunt.de\/wp\/wp-content\/uploads\/2024\/03\/78a056b1-3778-4013-b829-504986bc8785-150x150.jpg\" class=\"attachment-thumbnail size-thumbnail\" alt=\"\" \/><\/a>\n\t\t\t<\/div><\/figure><figure class='gallery-item'>\n\t\t\t<div class='gallery-icon landscape'>\n\t\t\t\t<a href='https:\/\/tagesmutter-kunterbunt.de\/wp\/?attachment_id=238'><img loading=\"lazy\" decoding=\"async\" width=\"150\" height=\"150\" src=\"https:\/\/tagesmutter-kunterbunt.de\/wp\/wp-content\/uploads\/2024\/03\/ed84f32e-bc9c-4bee-bd59-99dc19c66c16-150x150.jpg\" class=\"attachment-thumbnail size-thumbnail\" alt=\"\" \/><\/a>\n\t\t\t<\/div><\/figure>\n\t\t<\/div>\n\n<p>Selbstverst\u00e4ndlich sind die R\u00e4ume vom Jugendamt begutachtet und abgenommen worden.<\/p>\n<\/div>\n<\/div>\n<\/div>\n<\/div>\n","protected":false},"excerpt":{"rendered":"<p>F\u00fcr die Tageskinder sind die neuen R\u00e4ume jetzt eingerichtet und dazu sind auch viele neue Spielm\u00f6glichkeiten bereit gestellt. Selbstverst\u00e4ndlich sind die R\u00e4ume vom Jugendamt begutachtet und abgenommen worden.<\/p>\n","protected":false},"author":3,"featured_media":0,"parent":0,"menu_order":1,"comment_status":"closed","ping_status":"closed","template":"","meta":{"footnotes":""},"class_list":["post-27","page","type-page","status-publish","hentry"],"_links":{"self":[{"href":"https:\/\/tagesmutter-kunterbunt.de\/wp\/index.php?rest_route=\/wp\/v2\/pages\/27","targetHints":{"allow":["GET"]}}],"collection":[{"href":"https:\/\/tagesmutter-kunterbunt.de\/wp\/index.php?rest_route=\/wp\/v2\/pages"}],"about":[{"href":"https:\/\/tagesmutter-kunterbunt.de\/wp\/index.php?rest_route=\/wp\/v2\/types\/page"}],"author":[{"embeddable":true,"href":"https:\/\/tagesmutter-kunterbunt.de\/wp\/index.php?rest_route=\/wp\/v2\/users\/3"}],"replies":[{"embeddable":true,"href":"https:\/\/tagesmutter-kunterbunt.de\/wp\/index.php?rest_route=%2Fwp%2Fv2%2Fcomments&post=27"}],"version-history":[{"count":18,"href":"https:\/\/tagesmutter-kunterbunt.de\/wp\/index.php?rest_route=\/wp\/v2\/pages\/27\/revisions"}],"predecessor-version":[{"id":250,"href":"https:\/\/tagesmutter-kunterbunt.de\/wp\/index.php?rest_route=\/wp\/v2\/pages\/27\/revisions\/250"}],"wp:attachment":[{"href":"https:\/\/tagesmutter-kunterbunt.de\/wp\/index.php?rest_route=%2Fwp%2Fv2%2Fmedia&parent=27"}],"curies":[{"name":"wp","href":"https:\/\/api.w.org\/{rel}","templated":true}]}}