{"id":33,"date":"2015-01-11T17:36:17","date_gmt":"2015-01-11T17:36:17","guid":{"rendered":"http:\/\/tagesmutter-kunterbunt.de\/wp\/wp\/?page_id=33"},"modified":"2025-09-17T19:36:48","modified_gmt":"2025-09-17T17:36:48","slug":"kontakt","status":"publish","type":"page","link":"https:\/\/tagesmutter-kunterbunt.de\/wp\/?page_id=33","title":{"rendered":"Kontakt"},"content":{"rendered":"<p>Sandra Peter<br \/>\nKindertagespflege Kunterbunt<br \/>\nBalkh\u00e4user Tal 4<br \/>\n64342 Seeheim-Jugenheim<br \/>\nEmail: info(at)tagesmutter-kunterbunt.de<br \/>\nTelefon: 06257 5060795<br \/>\nMobil: 0162 2613257<\/p>\n<p>W\u00e4hrend der Betreuungszeit nehme ich keine Gespr\u00e4che an,<br \/>\nab 15:00 Uhr bin ich f\u00fcr Sie telefonisch erreichbar.<\/p>\n","protected":false},"excerpt":{"rendered":"<p>Sandra Peter Kindertagespflege Kunterbunt Balkh\u00e4user Tal 4 64342 Seeheim-Jugenheim Email: info(at)tagesmutter-kunterbunt.de Telefon: 06257 5060795 Mobil: 0162 2613257 W\u00e4hrend der Betreuungszeit nehme ich keine Gespr\u00e4che an, ab 15:00 Uhr bin ich f\u00fcr Sie telefonisch erreichbar.<\/p>\n","protected":false},"author":3,"featured_media":0,"parent":0,"menu_order":6,"comment_status":"closed","ping_status":"closed","template":"","meta":{"footnotes":""},"class_list":["post-33","page","type-page","status-publish","hentry"],"_links":{"self":[{"href":"https:\/\/tagesmutter-kunterbunt.de\/wp\/index.php?rest_route=\/wp\/v2\/pages\/33","targetHints":{"allow":["GET"]}}],"collection":[{"href":"https:\/\/tagesmutter-kunterbunt.de\/wp\/index.php?rest_route=\/wp\/v2\/pages"}],"about":[{"href":"https:\/\/tagesmutter-kunterbunt.de\/wp\/index.php?rest_route=\/wp\/v2\/types\/page"}],"author":[{"embeddable":true,"href":"https:\/\/tagesmutter-kunterbunt.de\/wp\/index.php?rest_route=\/wp\/v2\/users\/3"}],"replies":[{"embeddable":true,"href":"https:\/\/tagesmutter-kunterbunt.de\/wp\/index.php?rest_route=%2Fwp%2Fv2%2Fcomments&post=33"}],"version-history":[{"count":16,"href":"https:\/\/tagesmutter-kunterbunt.de\/wp\/index.php?rest_route=\/wp\/v2\/pages\/33\/revisions"}],"predecessor-version":[{"id":253,"href":"https:\/\/tagesmutter-kunterbunt.de\/wp\/index.php?rest_route=\/wp\/v2\/pages\/33\/revisions\/253"}],"wp:attachment":[{"href":"https:\/\/tagesmutter-kunterbunt.de\/wp\/index.php?rest_route=%2Fwp%2Fv2%2Fmedia&parent=33"}],"curies":[{"name":"wp","href":"https:\/\/api.w.org\/{rel}","templated":true}]}}